{"id":26,"date":"2017-09-29T11:50:39","date_gmt":"2017-09-29T08:50:39","guid":{"rendered":"https:\/\/ospentos.ee\/web\/?page_id=26"},"modified":"2025-12-31T11:36:40","modified_gmt":"2025-12-31T09:36:40","slug":"training","status":"publish","type":"page","link":"https:\/\/ospentos.ee\/web\/et\/teenused\/training\/","title":{"rendered":"Koolitused"},"content":{"rendered":"<h2>Koolitused<\/h2>\n<p>Alates 2017. aastast alustas Ospentos koolitusteenuste pakkumist. Lennutranspordi Ohtlike ainete koolitust <strong>IATA Dangerous Goods Regulations (DGR)<\/strong> pakume k\u00f5igile kategooriatele, alates kaubasaatjatest kuni DGR-saadetiste aktsepteerijate ning lennumeeskondadeni. Koolitaja on sertifitseeritud IATA Poolt ning omab 17-aasta pikkust praktilist kogemust ohtlike ainete lennutranspordil.<br \/>\nOspentose Ohtlike ainete koolitusprogrammid vastavad CBTA n\u00f5uetele vastavalt kehtivale IATA DGR 1.5 peat\u00fckile.<\/p>\n<p>Lisaks pakume lennukauba vedude baaskoolitusi <strong>(Air Cargo Basic)<\/strong>, mis katab \u00e4ra kogu antud valdkonna ning m\u00f5eldud k\u00f5igile, kes soovivad oma teadmisi t\u00e4iendada, on juba lennuvedudega kokku puutunud v\u00f5i plaanivad seda tulevikus teha.<\/p>\n<h2>Koolituskalender<\/h2>\n<h4><strong>Ohtlike ainete koolitused<\/strong><\/h4>\n<p><strong>9.-13. veebruar 2026 &#8211; IATA DGR Baaskoolitus (initial), <em>for personnel Preparing, Processing and Accepting Dangerous Goods Consignments<\/em><\/strong><br \/>\non m\u00f5eldud osalejatele, kel puudub kehtiv DGR p\u00e4devus v\u00f5i on see aegunud.<strong><br \/>\n<\/strong><\/p>\n<p><strong>11.-13. veebruar 2026<\/strong><strong>\u00a0&#8211; IATA DGR V\u00e4rskenduskoolitus (recurrent), <em>for personnel Preparing, Processing and Accepting Dangerous Goods Consignments<\/em><br \/>\n<\/strong>on m\u00f5eldud osalejatele, kellel on kehtiv tunnistus vastava DGR p\u00e4devuse kohta (eelnevast koolitusest m\u00f6\u00f6dunud maksimaalselt 24 kuud)<\/p>\n<p>Koolitus vastab ohtlike ainete koolitusn\u00f5uetele vastavalt IATA DGR 1.5 ning on m\u00f5eldud:<br \/>\n&#8211;\u00a0Kaubasaatjatele, kes puutuvad kokku ohtlike ainetega ning saadetiste ettevalmistamisega lennutranspordiks<br \/>\n&#8211; Ekspedeerijatele, veokorraldajatele ning GSA-t\u00f6\u00f6tajatele, kes tegelevad ohtlike ainete saadetistega<br \/>\n&#8211; Ohtlike kaupade lennusaadetisi veoks aktsepteerivatele t\u00f6\u00f6tajatele (kaubaterminalid, lennufirma t\u00f6\u00f6tajad)<br \/>\n&#8211;\u00a0Lennufirma kvaliteedi- ning ohutusspetsialistid, kelle t\u00f6\u00f6\u00fclesanded on seotud ohtlike ainete saadetiste transpordiga ning sellele rakenduva regulatsiooniga<\/p>\n<p>Koolitus annab teadmised ning praktilised oskused:<br \/>\n&#8211;\u00a0IATA DGR k\u00e4siraamatu \u00fclesehitus ja praktiline kasutamine<br \/>\n&#8211; Kaubasaatja ning lennufirma\/operaatori vastutused, erisused<br \/>\n&#8211; Ohtlike ainete lennutranspordile seatud piirangud ning nende rakendamine<br \/>\n&#8211; Ohtlike ainete identifitseerimine, pakendamise n\u00f5uded, pakendite markeerimine ja dokumentatsioon<br \/>\n&#8211; Ohtlike ainete deklaratsiooni (<em>DGD<\/em>) vormistamine, kasutamine ning kontrollimine<br \/>\n&#8211; Ohtlike ainete saadetiste aktsepteerimisprotseduurid (<em>acceptance check-list<\/em>)<br \/>\n&#8211; Ohtlike ainete saadetiste k\u00e4itlemise- ning lastimise n\u00f5uded, h\u00e4daolukorras tegutsemine<\/p>\n<p>T\u00e4iendav info ja registreerimine: <a href=\"mailto:training@ospentos.com\">training[@]ospentos.com<\/a> v\u00f5i <a href=\"mailto:valter.veedler@ospentos.com\">valter.veedler[@]ospentos.com<\/a><\/p>\n<h4><strong><br \/>\nTBA &#8211; Lennukauba transpordi baaskoolitus (Air Cargo Basic)<\/strong><\/h4>\n<p>3-p\u00e4evane koolitus katab \u00e4ra lennukaupade transpordi valdkonna, alates tehnilisest poolest ja veokorralduse protsessidest kuni dokumentatsiooni ning hinnakujunduseni. T\u00e4psem kursuse \u00fclesehitus ning k\u00e4sitletavad teemad on \u00e4ra toodud koolitusprogrammi dokumendis &#8211; <a href=\"https:\/\/ospentos.ee\/web\/wp-content\/uploads\/2018\/04\/Air-Cargo-Basic-Course-v1.pdf\">Air Cargo Basic Course<\/a><\/p>\n<p>Antud koolituse sihtr\u00fchmaks oleksid osalejad, kes soovivad enda teadmisi antud valdkonnas t\u00e4iendada, on juba lennuvedudega kokku puutunud v\u00f5i kavatsevad seda tulevikus teha:<br \/>\n&#8211; Lennusaadetiste veokorraldajad ja ekspedeerijad<br \/>\n&#8211; Lennutranspordi m\u00fc\u00fcgi ning lahenduste v\u00e4ljat\u00f6\u00f6tamisega tegelevad t\u00f6\u00f6tajad<br \/>\n&#8211; Lennundusettev\u00f5tete v\u00f5i esindajate (n\u00e4iteks GSSA) t\u00f6\u00f6tajad, kelle spetsiifikaks on kaubatransport<br \/>\n&#8211; Kaubaterminalide t\u00f6\u00f6tajad, kes lennusaadetiste k\u00e4itlemisega kokku puutuvad<\/p>\n<p>Koolitus viiakse l\u00e4bi eesti keeles ning ka koolitusmaterjalid ja test on eestikeelsed. Osad terminid ning v\u00e4ljav\u00f5tted k\u00e4siraamatutest on ingliskeelsed, seega inglise keele oskus oleks soovitatav.<\/p>\n<p>T\u00e4iendav info ja registreerimine: <a href=\"mailto:training@ospentos.com\">training[@]ospentos.com<\/a> v\u00f5i <a href=\"mailto:valter.veedler@ospentos.com\">valter.veedler[@]ospentos.com<\/a><br \/>\n<span style=\"color: inherit; font-family: inherit; font-size: 20px;\"><br \/>\n<\/span><span style=\"color: inherit; font-family: inherit; font-size: 20px; font-weight: bold;\"><br \/>\nV\u00f5ta \u00fchendust:<\/span><\/p>\n<p>Valter Veedler<br \/>\nE-mail: <a href=\"mailto:valter.veedler@ospentos.com\">valter.veedler[@]ospentos.com<\/a><br \/>\nTelefon: +372 5055605<\/p>\n","protected":false},"excerpt":{"rendered":"<p>Koolitused Alates 2017. aastast alustas Ospentos koolitusteenuste pakkumist. Lennutranspordi Ohtlike ainete koolitust IATA Dangerous Goods Regulations (DGR) pakume k\u00f5igile kategooriatele,&#8230;<\/p>\n","protected":false},"author":1,"featured_media":0,"parent":10,"menu_order":40,"comment_status":"closed","ping_status":"closed","template":"","meta":{"_acf_changed":false,"footnotes":"","_links_to":"","_links_to_target":""},"class_list":["post-26","page","type-page","status-publish","hentry"],"acf":[],"_links":{"self":[{"href":"https:\/\/ospentos.ee\/web\/wp-json\/wp\/v2\/pages\/26","targetHints":{"allow":["GET"]}}],"collection":[{"href":"https:\/\/ospentos.ee\/web\/wp-json\/wp\/v2\/pages"}],"about":[{"href":"https:\/\/ospentos.ee\/web\/wp-json\/wp\/v2\/types\/page"}],"author":[{"embeddable":true,"href":"https:\/\/ospentos.ee\/web\/wp-json\/wp\/v2\/users\/1"}],"replies":[{"embeddable":true,"href":"https:\/\/ospentos.ee\/web\/wp-json\/wp\/v2\/comments?post=26"}],"version-history":[{"count":52,"href":"https:\/\/ospentos.ee\/web\/wp-json\/wp\/v2\/pages\/26\/revisions"}],"predecessor-version":[{"id":1183,"href":"https:\/\/ospentos.ee\/web\/wp-json\/wp\/v2\/pages\/26\/revisions\/1183"}],"up":[{"embeddable":true,"href":"https:\/\/ospentos.ee\/web\/wp-json\/wp\/v2\/pages\/10"}],"wp:attachment":[{"href":"https:\/\/ospentos.ee\/web\/wp-json\/wp\/v2\/media?parent=26"}],"curies":[{"name":"wp","href":"https:\/\/api.w.org\/{rel}","templated":true}]}}