{"id":24,"date":"2017-09-29T11:50:29","date_gmt":"2017-09-29T08:50:29","guid":{"rendered":"https:\/\/ospentos.ee\/web\/?page_id=24"},"modified":"2017-12-11T15:40:36","modified_gmt":"2017-12-11T13:40:36","slug":"ramp-handling","status":"publish","type":"page","link":"https:\/\/ospentos.ee\/web\/et\/teenused\/ramp-handling\/","title":{"rendered":"Kaubalendude k\u00e4itlus"},"content":{"rendered":"<h2>Kaubalendude k\u00e4itlus<\/h2>\n<p>Koost\u00f6\u00f6s professionaalsete koost\u00f6\u00f6partneritega on v\u00f5imalik pakkuda kaubalendude t\u00e4isteenust k\u00f5igis peamistes Baltikumi lennujaamades. Tehniliselt on valmisolek teenindada ka maailma suurimaid kaubalennukite t\u00fc\u00fcpe.<\/p>\n<h2>Kauba t\u0161arterlennud<\/h2>\n<p>Ospentos on usaldusv\u00e4\u00e4rne partner korraldamaks tellimuslende kaubatranspordiks \u00fcle maailma &#8211; olgu tegemist v\u00e4ikese kiireloomulise \u00fchekordse erilennuga v\u00f5i suuremahulise projektiga.<br \/>\nLisaks tellimuslennu organiseerimisele, kontrollime kogu protsessi alates kauba transpordist lennujaama kuni lennuki lastiruumi laadimiseni. See loob v\u00f5imalused pakkuda kiiret ning usaldusv\u00e4\u00e4rset kaubak\u00e4itlust algusest l\u00f5puni.<\/p>\n<p>Kontakt:\u00a0<a href=\"mailto:handling[@]ospentos.com\">handling[@]ospentos.com<\/a><\/p>\n","protected":false},"excerpt":{"rendered":"<p>Kaubalendude k\u00e4itlus Koost\u00f6\u00f6s professionaalsete koost\u00f6\u00f6partneritega on v\u00f5imalik pakkuda kaubalendude t\u00e4isteenust k\u00f5igis peamistes Baltikumi lennujaamades. Tehniliselt on valmisolek teenindada ka maailma&#8230;<\/p>\n","protected":false},"author":1,"featured_media":0,"parent":10,"menu_order":30,"comment_status":"closed","ping_status":"closed","template":"","meta":{"_acf_changed":false,"footnotes":"","_links_to":"","_links_to_target":""},"class_list":["post-24","page","type-page","status-publish","hentry"],"acf":[],"_links":{"self":[{"href":"https:\/\/ospentos.ee\/web\/wp-json\/wp\/v2\/pages\/24","targetHints":{"allow":["GET"]}}],"collection":[{"href":"https:\/\/ospentos.ee\/web\/wp-json\/wp\/v2\/pages"}],"about":[{"href":"https:\/\/ospentos.ee\/web\/wp-json\/wp\/v2\/types\/page"}],"author":[{"embeddable":true,"href":"https:\/\/ospentos.ee\/web\/wp-json\/wp\/v2\/users\/1"}],"replies":[{"embeddable":true,"href":"https:\/\/ospentos.ee\/web\/wp-json\/wp\/v2\/comments?post=24"}],"version-history":[{"count":6,"href":"https:\/\/ospentos.ee\/web\/wp-json\/wp\/v2\/pages\/24\/revisions"}],"predecessor-version":[{"id":665,"href":"https:\/\/ospentos.ee\/web\/wp-json\/wp\/v2\/pages\/24\/revisions\/665"}],"up":[{"embeddable":true,"href":"https:\/\/ospentos.ee\/web\/wp-json\/wp\/v2\/pages\/10"}],"wp:attachment":[{"href":"https:\/\/ospentos.ee\/web\/wp-json\/wp\/v2\/media?parent=24"}],"curies":[{"name":"wp","href":"https:\/\/api.w.org\/{rel}","templated":true}]}}