{"id":20,"date":"2017-09-29T11:50:07","date_gmt":"2017-09-29T08:50:07","guid":{"rendered":"https:\/\/ospentos.ee\/web\/?page_id=20"},"modified":"2026-03-27T10:01:54","modified_gmt":"2026-03-27T08:01:54","slug":"road-feeder-service","status":"publish","type":"page","link":"https:\/\/ospentos.ee\/web\/et\/teenused\/road-feeder-service\/","title":{"rendered":"Road Feeder Service"},"content":{"rendered":"<h2><strong>K\u00fctuse lisatasu<\/strong><\/h2>\n<p>RFS aprilli k\u00fctuse lisatasu on <strong>19%<\/strong><\/p>\n<h2><strong>Tehnika<\/strong><\/h2>\n<p>Kogu meie autopark on kohandatud lennukauba vedamiseks: treilerid on varustatud rull-radade, reguleeritava temperatuuri ning GPS-j\u00e4lgimiss\u00fcsteemiga. Lisaks on vajadusel v\u00f5imalik kasutada lisaks tavalisi boks- v\u00f5i tent-haagiseid. Autod ning autojuhid vastavad julgestatud lennukauba ning ohtlike ainete transpordi n\u00f5uetele.<\/p>\n<h2><strong>Julgestus<\/strong><\/h2>\n<p>Kogu julgestatud lennusaadetiste transport toimub plommitud autodega ning plommide numbrid on registreeritud. Autod on varustatud GPS-j\u00e4lgimiss\u00fcsteemiga ning marsruudivalikul planeeritakse peatused ning juhtide puhkeajad turvalistesse asukohtadesse.<br \/>\nVeokite asukoha, haagiste uste avamise ning kaubaruumis olev temperatuur on j\u00e4lgitav reaalajas.<\/p>\n<p><img loading=\"lazy\" decoding=\"async\" class=\"alignnone size-medium wp-image-317\" src=\"https:\/\/ospentos.ee\/web\/wp-content\/uploads\/2017\/09\/2-570x271.png\" alt=\"\" width=\"570\" height=\"271\" \/><\/p>\n<h2><strong>Kindlustus<\/strong><\/h2>\n<p>K\u00f5igile lennusaadetistele kehtib kindlustus vastavalt Montreali Konventsioonile.<\/p>\n<p><strong>RFS kontakt:<\/strong> <a href=\"mailto:booking[@]ospentos.com\">booking[@]ospentos.com<\/a><\/p>\n","protected":false},"excerpt":{"rendered":"<p>K\u00fctuse lisatasu RFS aprilli k\u00fctuse lisatasu on 19% Tehnika Kogu meie autopark on kohandatud lennukauba vedamiseks: treilerid on varustatud rull-radade,&#8230;<\/p>\n","protected":false},"author":1,"featured_media":0,"parent":10,"menu_order":10,"comment_status":"closed","ping_status":"closed","template":"","meta":{"_acf_changed":false,"footnotes":"","_links_to":"","_links_to_target":""},"class_list":["post-20","page","type-page","status-publish","hentry"],"acf":[],"_links":{"self":[{"href":"https:\/\/ospentos.ee\/web\/wp-json\/wp\/v2\/pages\/20","targetHints":{"allow":["GET"]}}],"collection":[{"href":"https:\/\/ospentos.ee\/web\/wp-json\/wp\/v2\/pages"}],"about":[{"href":"https:\/\/ospentos.ee\/web\/wp-json\/wp\/v2\/types\/page"}],"author":[{"embeddable":true,"href":"https:\/\/ospentos.ee\/web\/wp-json\/wp\/v2\/users\/1"}],"replies":[{"embeddable":true,"href":"https:\/\/ospentos.ee\/web\/wp-json\/wp\/v2\/comments?post=20"}],"version-history":[{"count":52,"href":"https:\/\/ospentos.ee\/web\/wp-json\/wp\/v2\/pages\/20\/revisions"}],"predecessor-version":[{"id":1189,"href":"https:\/\/ospentos.ee\/web\/wp-json\/wp\/v2\/pages\/20\/revisions\/1189"}],"up":[{"embeddable":true,"href":"https:\/\/ospentos.ee\/web\/wp-json\/wp\/v2\/pages\/10"}],"wp:attachment":[{"href":"https:\/\/ospentos.ee\/web\/wp-json\/wp\/v2\/media?parent=20"}],"curies":[{"name":"wp","href":"https:\/\/api.w.org\/{rel}","templated":true}]}}