{"id":154,"date":"2017-10-04T15:23:00","date_gmt":"2017-10-04T12:23:00","guid":{"rendered":"https:\/\/ospentos.ee\/web\/about-us\/"},"modified":"2023-01-18T11:04:48","modified_gmt":"2023-01-18T09:04:48","slug":"about-us","status":"publish","type":"page","link":"https:\/\/ospentos.ee\/web\/et\/about-us\/","title":{"rendered":"Meist"},"content":{"rendered":"<p>Ospentos Oy asutati 1986. aastal Helsingis. 2004. aastal Ospentos OY struktureeriti \u00fcmber ning alustas teenuste pakkumist rahvusvahelisele lennundussektorile. Peamiseks tegevusvaldkonnaks on lennukaubaga seotud tegevused Soomes, Baltikumis, Poolas ning Ukrainas. Eestis alustas Ospentos International O\u00dc tegevust 2006. aastal, et oleks tagatud t\u00f5hus ja efektiivne opereerimine omas valdkonnas.<\/p>\n<p>Meil t\u00f6\u00f6tavad koolitatud ja suurte kogemustega t\u00f6\u00f6tajad, kellel on pikaajaline taust lennu-, maantee ning ekspedeerimise valdkonnas, samuti lennukaupade k\u00e4itlemisel.<\/p>\n<p>Ospentos International on Eesti Kaubandus-T\u00f6\u00f6stuskoja liige ning omab Volitatud Ettev\u00f5tja sertifikaati (AEO).<\/p>\n<p><img loading=\"lazy\" decoding=\"async\" class=\"alignnone wp-image-637\" src=\"https:\/\/ospentos.ee\/web\/wp-content\/uploads\/2017\/12\/KODA_liige_EST_logo_vert-e1458571098489-218x300.png\" alt=\"\" width=\"95\" height=\"130\" \/> \u00a0<img loading=\"lazy\" decoding=\"async\" class=\"alignnone wp-image-639\" src=\"https:\/\/ospentos.ee\/web\/wp-content\/uploads\/2017\/12\/AEO_final-cs.jpg\" alt=\"\" width=\"130\" height=\"130\" \/> \u00a0<img loading=\"lazy\" decoding=\"async\" class=\"alignnone  wp-image-825\" src=\"https:\/\/ospentos.ee\/web\/wp-content\/uploads\/2019\/12\/ELEA-570x432.jpg\" alt=\"\" width=\"156\" height=\"118\" \/> \u00a0<img loading=\"lazy\" decoding=\"async\" class=\"alignnone  wp-image-818\" src=\"https:\/\/ospentos.ee\/web\/wp-content\/uploads\/2019\/12\/Estonian_Aviation_Cluster_logo_RGB-4-verticall-black-450x570.png\" alt=\"\" width=\"108\" height=\"137\" \/><\/p>\n","protected":false},"excerpt":{"rendered":"<p>Ospentos Oy asutati 1986. aastal Helsingis. 2004. aastal Ospentos OY struktureeriti \u00fcmber ning alustas teenuste pakkumist rahvusvahelisele lennundussektorile. Peamiseks tegevusvaldkonnaks&#8230;<\/p>\n","protected":false},"author":1,"featured_media":0,"parent":0,"menu_order":0,"comment_status":"closed","ping_status":"closed","template":"","meta":{"_acf_changed":false,"footnotes":"","_links_to":"","_links_to_target":""},"class_list":["post-154","page","type-page","status-publish","hentry"],"acf":[],"_links":{"self":[{"href":"https:\/\/ospentos.ee\/web\/wp-json\/wp\/v2\/pages\/154","targetHints":{"allow":["GET"]}}],"collection":[{"href":"https:\/\/ospentos.ee\/web\/wp-json\/wp\/v2\/pages"}],"about":[{"href":"https:\/\/ospentos.ee\/web\/wp-json\/wp\/v2\/types\/page"}],"author":[{"embeddable":true,"href":"https:\/\/ospentos.ee\/web\/wp-json\/wp\/v2\/users\/1"}],"replies":[{"embeddable":true,"href":"https:\/\/ospentos.ee\/web\/wp-json\/wp\/v2\/comments?post=154"}],"version-history":[{"count":10,"href":"https:\/\/ospentos.ee\/web\/wp-json\/wp\/v2\/pages\/154\/revisions"}],"predecessor-version":[{"id":1016,"href":"https:\/\/ospentos.ee\/web\/wp-json\/wp\/v2\/pages\/154\/revisions\/1016"}],"wp:attachment":[{"href":"https:\/\/ospentos.ee\/web\/wp-json\/wp\/v2\/media?parent=154"}],"curies":[{"name":"wp","href":"https:\/\/api.w.org\/{rel}","templated":true}]}}