{"id":1124,"date":"2024-10-03T15:21:19","date_gmt":"2024-10-03T12:21:19","guid":{"rendered":"https:\/\/ospentos.ee\/web\/?page_id=1124"},"modified":"2025-01-03T11:05:25","modified_gmt":"2025-01-03T09:05:25","slug":"terminaliteenuste-hinnakiri-2025","status":"publish","type":"page","link":"https:\/\/ospentos.ee\/web\/et\/kliendile\/terminaliteenuste-hinnakiri-2025\/","title":{"rendered":"Terminaliteenuste hinnakiri"},"content":{"rendered":"<p>Hinnad eurodes (ilma k\u00e4ibemaksuta) \u00b9<\/p>\n<div class=\"table-holder\">\n<p><strong>Kehtib alates 01.01.2025<\/strong><\/p>\n<table style=\"height: 832px;\">\n<thead>\n<tr style=\"height: 107px;\">\n<th style=\"height: 107px; width: 423px;\" colspan=\"2\">Teenus<\/th>\n<th style=\"height: 107px; width: 107px;\">Hind saadetise<br \/>\nkg kohta \u00b2<\/th>\n<th style=\"height: 107px; width: 181px;\">Miinimum tasu<br \/>\nsaadetise kohta<\/th>\n<th style=\"height: 107px; width: 115px;\">Fikseeritud<br \/>\nmaksimum tasu<br \/>\nsaadetise kohta<\/th>\n<\/tr>\n<\/thead>\n<tbody>\n<tr style=\"height: 46px;\">\n<td style=\"height: 46px; width: 423px;\" colspan=\"2\"><strong>Lennukaupade k\u00e4sitlemine \/ IMPORT (IM)<\/strong><br \/>\n<small>terminali ametlikul lahtiolekuajal, s.o t\u00f6\u00f6p\u00e4evadel kell 08.00 &#8211; 18.00 <sup>4<\/sup><\/small><\/td>\n<td style=\"height: 46px; width: 107px;\"><strong>0,08<\/strong><\/td>\n<td style=\"height: 46px; width: 181px;\"><strong>12,00<\/strong><\/td>\n<td style=\"height: 46px; width: 115px;\"><\/td>\n<\/tr>\n<tr style=\"height: 29px;\">\n<td style=\"height: 29px; width: 423px;\" colspan=\"2\"><strong>Kauba laadimine kliendi veovahendisse<\/strong> <sup>5<\/sup><\/td>\n<td style=\"height: 29px; width: 107px;\"><strong>0,08<\/strong><\/td>\n<td style=\"height: 29px; width: 181px;\"><strong>12,00<\/strong><\/td>\n<td style=\"height: 29px; width: 115px;\"><strong>300,00<\/strong><\/td>\n<\/tr>\n<tr style=\"height: 24px;\">\n<td style=\"height: 24px; width: 423px;\" colspan=\"2\"><strong>Saatedokumentide skanneerimine ja saatmine<\/strong><\/td>\n<td style=\"height: 24px; width: 107px;\"><\/td>\n<td style=\"height: 24px; width: 181px;\"><\/td>\n<td style=\"height: 24px; width: 115px;\"><span style=\"color: #ff0000;\"><strong>7,00<\/strong><\/span><\/td>\n<\/tr>\n<tr style=\"height: 24px;\">\n<td style=\"height: 24px; width: 423px;\" colspan=\"2\"><strong>Lisatasu<\/strong> (DGR, VUN, AVI, PER, PIL, HUM saadetised)<\/td>\n<td style=\"height: 24px; width: 107px;\"><\/td>\n<td style=\"height: 24px; width: 181px;\"><\/td>\n<td style=\"height: 24px; width: 115px;\"><span style=\"color: #ff0000;\"><strong>17,00<\/strong><\/span><\/td>\n<\/tr>\n<tr style=\"height: 24px;\">\n<td style=\"height: 24px; width: 423px;\" colspan=\"2\"><strong>Lisatasu<\/strong> (VAL saadetised)<\/td>\n<td style=\"height: 24px; width: 107px;\"><\/td>\n<td style=\"height: 24px; width: 181px;\"><\/td>\n<td style=\"height: 24px; width: 115px;\"><span style=\"color: #ff0000;\"><strong>50,00<\/strong><\/span><\/td>\n<\/tr>\n<tr style=\"height: 45px;\">\n<td style=\"height: 45px; width: 423px;\" colspan=\"2\"><strong>Kaupade kiire vabastus <\/strong>(45 minuti jooksul lennu saabumisest)<\/td>\n<td style=\"height: 45px; width: 107px;\"><\/td>\n<td style=\"height: 45px; width: 181px;\"><\/td>\n<td style=\"height: 45px; width: 115px;\"><span style=\"color: #ff0000;\"><b>60,00<\/b><\/span><\/td>\n<\/tr>\n<tr style=\"height: 24px;\">\n<td style=\"height: 24px; width: 423px;\" colspan=\"2\"><strong>F\u00fctosanitaarkontrolli all olevate saadetiste k\u00e4itlemine<\/strong><\/td>\n<td style=\"height: 24px; width: 107px;\"><strong>0,12<\/strong><\/td>\n<td style=\"height: 24px; width: 181px;\"><strong>35,00<\/strong><\/td>\n<td style=\"height: 24px; width: 115px;\"><\/td>\n<\/tr>\n<tr style=\"height: 24px;\">\n<td style=\"height: 24px; width: 423px;\" colspan=\"2\"><strong>Lennutranspordi tasu makse vahendus<\/strong> (CC fee)<\/td>\n<td style=\"height: 24px; width: 107px;\"><span style=\"color: #ff0000;\"><strong>5%<\/strong><\/span><\/td>\n<td style=\"height: 24px; width: 181px;\"><span style=\"color: #ff0000;\"><strong>18,00<\/strong><\/span><\/td>\n<td style=\"height: 24px; width: 115px;\"><\/td>\n<\/tr>\n<tr style=\"height: 41px;\">\n<td style=\"height: 10px; width: 283px;\"><strong>Ladustamine EX\/IM<\/strong> (tavakaup) &#8211; kg\/p\u00e4ev <sup>6<\/sup><\/td>\n<td style=\"height: 10px; width: 140px;\">alates saabumise p\u00e4evast<\/td>\n<td style=\"height: 10px; width: 107px;\"><span style=\"color: #ff0000;\"><b>0,05<\/b><\/span><\/td>\n<td style=\"height: 10px; width: 181px;\"><span style=\"color: #ff0000;\"><strong>20,00<\/strong><\/span><\/td>\n<td style=\"height: 10px; width: 115px;\"><\/td>\n<\/tr>\n<tr style=\"height: 41px;\">\n<td style=\"height: 57px; width: 283px;\"><strong>Ladustamine EX\/IM <\/strong>(DGR, VAL, PER, PIL, HUM) &#8211; kg\/p\u00e4ev <sup>6<\/sup><\/td>\n<td style=\"height: 57px; width: 140px;\">alates saabumise p\u00e4evast<\/td>\n<td style=\"height: 57px; width: 107px;\"><span style=\"color: #ff0000;\"><strong>0,07<\/strong><\/span><\/td>\n<td style=\"height: 57px; width: 181px;\"><span style=\"color: #ff0000;\"><strong>40,00<\/strong><\/span><\/td>\n<td style=\"height: 57px; width: 115px;\"><\/td>\n<\/tr>\n<tr style=\"height: 45px;\">\n<td style=\"height: 10px; width: 423px;\" colspan=\"2\"><strong>Muu tellitud t\u00f6\u00f6<\/strong> (pakkimine, sildistamine vms)<\/td>\n<td style=\"height: 10px; width: 107px;\"><span style=\"color: #ff0000;\"><b>42,00<\/b><\/span><\/td>\n<td style=\"height: 10px; width: 181px;\">\/ tund, millele lisandub materjalikulu<\/td>\n<td style=\"height: 10px; width: 115px;\"><\/td>\n<\/tr>\n<tr style=\"height: 45px;\">\n<td style=\"height: 10px; width: 423px;\" colspan=\"2\"><strong>V\u00e4ljakutse t\u00f6\u00f6v\u00e4lisel ajal <\/strong>(DGR, AVI kontroll)<\/td>\n<td style=\"height: 10px; width: 107px;\"><span style=\"color: #ff0000;\"><strong>140,00<\/strong><\/span><\/td>\n<td style=\"height: 10px; width: 181px;\">\/ v\u00e4ljakutse, lisandub lisatasule<\/td>\n<td style=\"height: 10px; width: 115px;\"><\/td>\n<\/tr>\n<tr style=\"height: 24px;\">\n<td style=\"height: 24px; width: 423px;\" colspan=\"2\"><strong>Kauba h\u00e4vitamise korraldamine <\/strong>(lisandub h\u00e4vituskuludele)<\/td>\n<td style=\"height: 24px; width: 107px;\"><strong>180,00<\/strong><\/td>\n<td style=\"height: 24px; width: 181px;\">\/\u00a0saadetis<\/td>\n<td style=\"height: 24px; width: 115px;\"><\/td>\n<\/tr>\n<tr style=\"height: 24px;\">\n<td style=\"height: 24px; width: 423px;\" colspan=\"2\"><strong>Pakendi utiliseerimine<\/strong><\/td>\n<td style=\"height: 24px; width: 107px;\"><strong>20,00<\/strong><\/td>\n<td style=\"height: 24px; width: 181px;\">\u00a0\/ saadetis<\/td>\n<td style=\"height: 24px; width: 115px;\"><\/td>\n<\/tr>\n<tr style=\"height: 45px;\">\n<td style=\"height: 45px; width: 423px;\" colspan=\"2\"><strong>Kahvelt\u00f5stuki t\u00f5sted<\/strong> (rasked kaubad 1,5 &#8211; 5 t &#8211; terminaalit\u00f6\u00f6 v\u00e4lised)<\/td>\n<td style=\"height: 45px; width: 107px;\"><span style=\"color: #ff0000;\"><strong>46,00<\/strong><\/span><\/td>\n<td style=\"height: 45px; width: 181px;\">\u00a0\/ tund, miinimum 1 tund<\/td>\n<td style=\"height: 45px; width: 115px;\"><\/td>\n<\/tr>\n<\/tbody>\n<\/table>\n<\/div>\n<ul>\n<li><strong>DGR<\/strong> &#8211; ohtlikud kaubad<\/li>\n<li><strong>VUN<\/strong> &#8211; relvad, laskemoon, l\u00f5hkeained<\/li>\n<li><strong>AVI<\/strong> &#8211; elusloomad<\/li>\n<li><strong>VAL<\/strong> &#8211; v\u00e4\u00e4rissaadetised<\/li>\n<li><strong>PER<\/strong> &#8211; kiiresti riknevad kaubad<\/li>\n<li><strong>HUM<\/strong> &#8211; inims\u00e4ilmed<\/li>\n<li><strong>PIL<\/strong> &#8211; temperatuuritundlikud farmaatsiatooted<\/li>\n<\/ul>\n<p><sup>1<\/sup>\u00a0 Hindadele lisandub seaduses s\u00e4testatud suuruses k\u00e4ibemaks.<br \/>\n<sup>2<\/sup>\u00a0 K\u00e4sitlemis- ja ladustamistasusid arvestatakse saadetise bruto- v\u00f5i nn mahukaalu ehk arvestuskaalu j\u00e4rgi. Kui saadetise mahukaal on suurem kui brutokaal,<br \/>\narvestatakse tasu mahukaalu j\u00e4rgi. Mahukaal saadakse jagades saadetise kuupsentimeetrid 6000-ga ehk 6 cm3 = 1 kg ja 1 m3 = 167 kg.<br \/>\n<sup>4<\/sup>\u00a0 V\u00e4ljaspool terminali ametlikku lahtioleku aega osutatud teenuste (v.a. Ladustamine ja Lisatasud) eest lisandub hindadele 50%. N\u00e4dalavahetustel ja riiklikel p\u00fchadel 100%.<br \/>\n<sup>5<\/sup>\u00a0 Rakendub juhul, kui kaupa ei ole v\u00f5imalik laadida kliendi veovahendisse t\u00f5stukiga ja laadimise kohta on esitatud kliendi kirjalik tellimus.<br \/>\n<sup>6<\/sup>\u00a0 Ladustamistasu hakatakse arvestama saadetistele, millised ei ole terminalist v\u00e4lja v\u00f5etud (import) v\u00f5i lahkunud (eksport) kolme t\u00f6\u00f6p\u00e4eva jooksul alates kauba saabumisest (saabumisp\u00e4ev kaasa arvatud, s\u00f5ltumata saabumise kellaajast). N\u00e4dalavahetusel v\u00f5i riiklikel p\u00fchadel kohale j\u00f5udnud saadetiste saabumisp\u00e4evaks arvestatakse j\u00e4rgnev t\u00f6\u00f6p\u00e4ev. Ladustamistasu maksumus arvestatakse alates kauba tegeliku terminali saabumise p\u00e4evast.<\/p>\n<ul>\n<li>Krediidilepingu puudumisel kuuluvad k\u00f5ik hinnakirjakohased tasud maksmisele enne kauba saajale \u00fcleandmist. Krediiti on v\u00f5imalik taotleda t\u00e4ites krediiditaotluse\u00a0vormi. Ospentos International O\u00dc-l on \u00f5igus keelduda krediidilepingu s\u00f5lmimisest ja tema k\u00e4sutuses olevat kaupa kinni pidada teenustasude t\u00e4ieliku maksmiseni.<br \/>\nTasuda saab panga\u00fclekandega alltoodud arvelduskontole v\u00f5i terminalis kohapeal pangakaardiga. Sularahas \u00fcldjuhul ei arveldata.<\/li>\n<li>Ospentos International O\u00dc-l on \u00f5igus ja kohustus lubada kauba juurde Maksu- ja Tolliameti esindaja.<\/li>\n<li>Kui 60 p\u00e4eva jooksul kauba saabumise p\u00e4evast ei ole saaja kaupa v\u00e4lja v\u00f5tnud ning kauba saaja v\u00f5i saatja ei ole andud Ospentos International O\u00dc-le ka p\u00e4devaid juhiseid kauba edasiseks k\u00e4itlemiseks v\u00f5i kui T-1 tollistaatusega kauba puhul ei ole 60 p\u00e4eva jooksul kauba saabumise p\u00e4evast m\u00e4\u00e4ratud tollik\u00e4itlusviisi, siis on\u00a0Ospentos International O\u00dc-l \u00f5igus paigutada kaup tollilattu v\u00f5i tagastada kaup saatjale v\u00f5i kaup h\u00e4vitada. Kauba saaja tasub kauba tagastamis- v\u00f5i h\u00e4vitamiskulud, samuti teenustasud tagastamise v\u00f5i h\u00e4vitamise hetkeni.<\/li>\n<li>Ospentos International O\u00dc-l on veo-, ekspedeerimis- ja laolepingust tulenevate n\u00f5uete tagamiseks pandi\u00f5igus ladustatud kaupadele.<\/li>\n<\/ul>\n<p><em>Kui kauba saabumisteates, k\u00e4esolevas hinnakirjas v\u00f5i poolte kirjalikes erikokkulepetes ei ole s\u00e4testatud teisiti, rakendatakse k\u00f5ikidele toimingutele Eesti\u00a0<\/em><em>Ekspedeerijate Assotsiatsiooni \u00dcldtingimusi 2015 ja Eesti Logistika ja Ekspedeerimise Assotsiatsiooni Ladustamise \u00dcldtingimusi. Viidatud \u00fcldtingimused piiravad <\/em><em>muuhulgas teenuse osutaja vastutust saadetiste kahjustumise korral. \u00dcldtingimused saadetakse Teile esimesel n\u00f5udmisel.<\/em><\/p>\n","protected":false},"excerpt":{"rendered":"<p>Hinnad eurodes (ilma k\u00e4ibemaksuta) \u00b9 Kehtib alates 01.01.2025 Teenus Hind saadetise kg kohta \u00b2 Miinimum tasu saadetise kohta Fikseeritud maksimum&#8230;<\/p>\n","protected":false},"author":1,"featured_media":0,"parent":366,"menu_order":2,"comment_status":"closed","ping_status":"closed","template":"","meta":{"_acf_changed":false,"footnotes":"","_links_to":"","_links_to_target":""},"class_list":["post-1124","page","type-page","status-publish","hentry"],"acf":[],"_links":{"self":[{"href":"https:\/\/ospentos.ee\/web\/wp-json\/wp\/v2\/pages\/1124","targetHints":{"allow":["GET"]}}],"collection":[{"href":"https:\/\/ospentos.ee\/web\/wp-json\/wp\/v2\/pages"}],"about":[{"href":"https:\/\/ospentos.ee\/web\/wp-json\/wp\/v2\/types\/page"}],"author":[{"embeddable":true,"href":"https:\/\/ospentos.ee\/web\/wp-json\/wp\/v2\/users\/1"}],"replies":[{"embeddable":true,"href":"https:\/\/ospentos.ee\/web\/wp-json\/wp\/v2\/comments?post=1124"}],"version-history":[{"count":4,"href":"https:\/\/ospentos.ee\/web\/wp-json\/wp\/v2\/pages\/1124\/revisions"}],"predecessor-version":[{"id":1146,"href":"https:\/\/ospentos.ee\/web\/wp-json\/wp\/v2\/pages\/1124\/revisions\/1146"}],"up":[{"embeddable":true,"href":"https:\/\/ospentos.ee\/web\/wp-json\/wp\/v2\/pages\/366"}],"wp:attachment":[{"href":"https:\/\/ospentos.ee\/web\/wp-json\/wp\/v2\/media?parent=1124"}],"curies":[{"name":"wp","href":"https:\/\/api.w.org\/{rel}","templated":true}]}}